{"id":15652,"date":"2023-12-07T18:52:43","date_gmt":"2023-12-07T18:52:43","guid":{"rendered":"https:\/\/kenancrnkicacademy.com\/web-shop\/?page_id=15652"},"modified":"2024-07-04T12:00:32","modified_gmt":"2024-07-04T12:00:32","slug":"uvjeti-koristenja","status":"publish","type":"page","link":"https:\/\/kenancrnkicacademy.com\/web-shop\/uvjeti-koristenja\/","title":{"rendered":"Uvjeti kori\u0161tenja"},"content":{"rendered":"\t\t<div data-elementor-type=\"wp-page\" data-elementor-id=\"15652\" class=\"elementor elementor-15652\">\n\t\t\t\t<div class=\"wd-negative-gap elementor-element elementor-element-8fd751a e-flex e-con-boxed e-con e-parent\" data-id=\"8fd751a\" data-element_type=\"container\" data-e-type=\"container\">\n\t\t\t\t\t<div class=\"e-con-inner\">\n\t\t\t\t<div class=\"elementor-element elementor-element-79ab8d1 elementor-widget elementor-widget-wd_text_block\" data-id=\"79ab8d1\" data-element_type=\"widget\" data-e-type=\"widget\" data-widget_type=\"wd_text_block.default\">\n\t\t\t\t<div class=\"elementor-widget-container\">\n\t\t\t\t\t\t\t<div class=\"wd-text-block reset-last-child text-left\">\n\t\t\t\n\t\t\t<p><strong>Uvjeti kori\u0161tenja<\/strong><\/p><p><strong>\u00a0<\/strong><\/p><p><strong>Uvod<\/strong><\/p><p>Faith International d.o.o. Sarajevo, \"TVOJA NAJBOLJA GODINA - online seminar\"<\/p><p>Molimo Vas da pa\u017eljivo pro\u010ditate Uvjete kori\u0161tenja. Kori\u0161tenjem i posje\u0107ivanjem stranica kenancrnkicacademy.com i pripadaju\u0107ih sadr\u017eaja, podrazumijeva se da svjesno prihva\u0107ate njihov sadr\u017eaj, kao i sve njegove naknadne izmjene, bez prethodne najave i obavijesti.<\/p><p>Vi ste kao korisnik du\u017eni pro\u010ditati Uvjete kori\u0161tenja, te se Va\u0161e posje\u0107ivanje\/kori\u0161tenje stranica smatra potpunim prihva\u0107anjem istog. Molimo Vas da usluge ne koristite na na\u010din na koji neko mo\u017ee biti povrije\u0111en ili materijalno o\u0161te\u0107en. Za sve ponu\u0111ene proizvode na stranicama postoji objavljena slika i osnovni opis proizvoda. Ovi uvjeti reguliraju proces naru\u010divanja, pla\u0107anja, dostave proizvoda koji se prodaju preko na\u0161e web stranice.<\/p><p><strong>\u00a0<\/strong><\/p><p><strong>Kontakt<\/strong><\/p><p>Josipa \u0160tadlera 6, 71 000 Sarajevo, BiH<br \/>PDV broj: 202015760008<br \/>Email: <a href=\"mailto:faith.sarajevo@gmail.com\">faith.sarajevo@gmail.com<\/a><\/p><p>Tel: +387 33 559 800<\/p><p>Fax: +387 33 559 801<br \/>Transakcijski ra\u010duni:<br \/>1610000315390079 Raiffeisen Bank<br \/>1990490030126113 Sparkasse Bank<br \/>IBAN: BA39 1990 4900 3012 6113<br \/>SWIFT CODE: ABSBBA22, Sparkasse Bank DD BiH, Zmaja od Bosne 7, Sarajevo, BiH<\/p><p><strong>\u00a0<\/strong><\/p><p><strong>Kupovina<\/strong><\/p><ol><li>Pretra\u017eujete artikle u na\u0161oj ponudi<\/li><li>Birate i kupujete \u017eeljeni proizvod prate\u0107i upute<\/li><li>U najkra\u0107em vremenskom periodu kupljeni proizvod Vam dostavljamo online<\/li><\/ol><p>Proizvodi se naru\u010duju odabirom, kori\u0161tenjem menija \u201ckorpa\u201d i popunjavanjem elektronskog formulara. Svi artikli koje ste odlu\u010dili kupiti nalaze se na stranici pod imenom \u201d korpa\u201d.<\/p><p><strong>Na\u010din pla\u0107anja<\/strong><\/p><p>Pla\u0107anje mo\u017eete izvr\u0161iti na slijede\u0107i na\u010din:<\/p><ul><li>Karticama jednokratno \u2013 Pla\u0107anje <strong>Visa i Mastercard <\/strong>karticama bilo koje banke.<\/li><\/ul><p>\u00a0<strong>Sigurnost pla\u0107anja kreditnim karticama<\/strong><\/p><p>Tajnost Va\u0161ih podataka je za\u0161ti\u0107ena i osigurana upotrebom SSL enkripcije. Stranice za naplatu putem interneta osigurane su kori\u0161tenjem Secure Socket Layer (SSL) protokola sa 128-bitnom enkripcijom podataka. SSL enkripcija je postupak \u0161ifriranja podataka radi sprje\u010davanja neovla\u0161tenog pristupa prilikom njihovog prenosa.<br \/>Time je omogu\u0107en siguran prenos informacija te onemogu\u0107en nedozvoljen pristup podacima prilikom komunikacije izme\u0111u korisnikovog ra\u010dunara i WebPay servisa, te obratno.<\/p><p>WebPay servis i finansijske ustanove razmjenjuju podatke upotrebom virtualne privatne mre\u017ee (VPN), koja je za\u0161ti\u0107ena od neautorizovanog pristupa.<br \/>Monri Payment Gateway je sertifikovan prema PCI DSS Level 1 sigurnosnom standardu propisanom Visa\u00a0 pravilima.<br \/>Trgovac ne pohranjuje brojeve kreditnih kartica i brojevi nisu dostupni neovla\u0161tenim osobama.<\/p><p><strong>Nije mogu\u0107e dobiti povrat novca za online seminar budu\u0107i da se radi o digitalnom proizvodu. Povrat sredstava, isklju\u010divo u slu\u010daju pogre\u0161ne uplate mo\u017ee se tra\u017eiti u roku od jednog dana od uplate seminara. Faith International d.o.o. je du\u017ena izvr\u0161iti povrat putem VISA i Mastercard, na\u010din pla\u0107anja, \u0161to zna\u010di da \u0107e banka na zahtjev Prodavca vratiti novac na ra\u010dun vlasnika kartice ili \u0107e upla\u0107ena sredstva vratiti na teku\u0107i ra\u010dun kupca.<\/strong><\/p><p>Nije mogu\u0107e dobiti povrat novca za online seminar budu\u0107i da se radi o digitalnom proizvodu. Povrat sredstava, isklju\u010divo u slu\u010daju pogre\u0161ne uplate mo\u017ee se tra\u017eiti u roku od jednog dana od uplate seminara. Faith International d.o.o. je du\u017ena izvr\u0161iti povrat putem VISA i Mastercard, na\u010din pla\u0107anja, \u0161to zna\u010di da \u0107e banka na zahtjev Prodavca vratiti novac na ra\u010dun vlasnika kartice ili \u0107e upla\u0107ena sredstva vratiti na teku\u0107i ra\u010dun kupca.<\/p><p>Ovi uslovi za povrat novca odnose se i na sve ostale usluge koje pru\u017ea dr. Kenan Crnki\u0107 i Akademija dr. Crnki\u0107a (coaching, seminari, motivaciona i druga predavanja...), imaju\u0107i u vidu da su u pitanju intelektualne usluge nelinearnog karaktera.<br \/>Stupanjem u poslovni odnos, bilo putem poslovne korespondencije i\/ili nakon izvr\u0161ene uplate, u slu\u010daju nesporazuma i eventualnih tu\u017ebi, kupac - klijent prihvata stvarnu i mjesnu nadle\u017enost suda u Sarajevu.<\/p><p><strong>Dostava<\/strong><\/p><p>Dostava se vr\u0161i online na e-mail kupca.<\/p><p>Ne mo\u017ee se izvr\u0161iti povrat robe iz razloga sto se prodaje online seminar koji se dostavlja online.<\/p><p><strong>\u00a0 \u00a0<\/strong><\/p><p><strong>Sigurnost podataka<\/strong><\/p><p>Svi podaci o kupcima se strogo \u010duvaju i dostupni su samo zaposlenicima kojima su ti podaci neophodni za obavljanje djelatnosti. Svi zaposlenici kompanije Faith International d.o.o. Sarajevo i poslovni partneri odgovorni su za po\u0161tivanje na\u010dela za\u0161tite privatnosti.<\/p><p>Kompanija Faith International d.o.o. Sarajevo se obavezuje pru\u017eati za\u0161titu li\u010dnim podacima kupaca na na\u010din da prikuplja samo osnovne podatke o kupcima koji su nu\u017eni za ispunjenje obaveza.<\/p><p>U slu\u010daju promjene bilo kojeg od li\u010dnih podataka (npr. mjesto stanovanja, adresa dostave) koji se evidentiraju prilikom registracije, kupac je du\u017ean o promjeni obavijestiti kompaniju Faith International d.o.o. Sarajevo<\/p><p><strong>\u00a0 \u00a0 \u00a0<\/strong><\/p><p><strong>\u00a0Za\u0161tita autorskih prava<\/strong><\/p><p>Sva prava izdava\u010da i nosioca programa na snimljenom i \u0161tampanom djelu su zadr\u017eana. Izdava\u010d je Faith International d.o.o. Sarajevo. Kupac se obvezuje da ne\u0107e neovla\u0161teno umno\u017eavati, izvoditi, koristi za radio difuziju te prodavati proizvode trgovca niti bilo koji dio tih proizvoda.<\/p><p>Faith International d.o.o. Sarajevo zadr\u017eava pravo na izmjenu ovih uslova i pravila. Kupac snosi odgovornost za ta\u010dnost i potpunost unesenih podataka prilikom kupovine.<br \/>Usluge koje Vam pru\u017ea Faith International d.o.o. Sarajevo ne uklju\u010duje tro\u0161kove koje snosite koriste\u0107i ra\u010dunarsku opremu i usluge za pristup na\u0161im stranicama.<\/p><p>Faith International d.o.o. Sarajevo nije odgovorna za tro\u0161kove telefona, Internet prometa ili bilo koje druge tro\u0161kove do kojih mo\u017ee do\u0107i.<br \/>Iako Faith International d.o.o. Sarajevo nastoji dati najbolju mogu\u0107u ponudu usluga, ne mo\u017ee garantirati da \u0107e usluga biti bez gre\u0161aka. Ukoliko do\u0111e do gre\u0161ke, molimo Vas da je prijavite na e-mail faith.sarajevo@gmail.com kako bismo je otklonili na najbr\u017ei mogu\u0107i na\u010din.<\/p><p><strong>\u00a0<\/strong><\/p><p><strong>Ostali uvjeti<\/strong><\/p><p>Uvjeti prodaje se mogu promijeniti bez prethodne najave. Sve potvr\u0111ene narud\u017ebe \u0107emo isporu\u010diti po uvjetima va\u017ee\u0107im u momentu potvr\u0111ivanja narud\u017ebe. Faith International d.o.o. Sarajevo\u00a0 zadr\u017eava pravo ne isporu\u010diti proizvod na temelju narud\u017ebi s nepotpunim i\/ili neta\u010dnim podacima.<\/p><p><strong>\u00a0<\/strong><\/p><p><strong>Spremanje kola\u010di\u0107a<\/strong><\/p><p>Kako bi stranica web portala imala sve funkcionalnosti, na ra\u010dunaru korisnika pohranjuje se malena koli\u010dinu podataka tzv. \u201eCookies\u201c. Cookie je informacija spremljena na ra\u010dunaru korisnika od stranice web portala koji posjetite.<\/p><p>Kola\u010di\u0107i pohranujuju postavke za web stranicu, kao \u0161to su preferirani jezik ili adresa. Prilikom sljede\u0107eg kori\u0161tenja interneta preglednik \u0161alje natrag cookie koji pripadaju toj stranici.<\/p><p>Odabirom opcije \u201esla\u017eem se\u201c korisnik pristaje na upotrebu Cookie-a kao i da se informacije o navedenima koriste u svrhu ciljanih reklamnih i drugih kampanja.<\/p>\n\t\t\t\t\t<\/div>\n\t\t\t\t\t\t<\/div>\n\t\t\t\t<\/div>\n\t\t\t\t\t<\/div>\n\t\t\t\t<\/div>\n\t\t\t\t<\/div>\n\t\t","protected":false},"excerpt":{"rendered":"<p>Uvjeti kori\u0161tenja \u00a0 Uvod Faith International d.o.o. Sarajevo, &#8220;TVOJA NAJBOLJA GODINA &#8211; online seminar&#8221; Molimo Vas da pa\u017eljivo pro\u010ditate Uvjete<\/p>\n","protected":false},"author":1,"featured_media":0,"parent":0,"menu_order":0,"comment_status":"closed","ping_status":"closed","template":"","meta":{"footnotes":""},"class_list":["post-15652","page","type-page","status-publish","hentry"],"_links":{"self":[{"href":"https:\/\/kenancrnkicacademy.com\/web-shop\/wp-json\/wp\/v2\/pages\/15652","targetHints":{"allow":["GET"]}}],"collection":[{"href":"https:\/\/kenancrnkicacademy.com\/web-shop\/wp-json\/wp\/v2\/pages"}],"about":[{"href":"https:\/\/kenancrnkicacademy.com\/web-shop\/wp-json\/wp\/v2\/types\/page"}],"author":[{"embeddable":true,"href":"https:\/\/kenancrnkicacademy.com\/web-shop\/wp-json\/wp\/v2\/users\/1"}],"replies":[{"embeddable":true,"href":"https:\/\/kenancrnkicacademy.com\/web-shop\/wp-json\/wp\/v2\/comments?post=15652"}],"version-history":[{"count":0,"href":"https:\/\/kenancrnkicacademy.com\/web-shop\/wp-json\/wp\/v2\/pages\/15652\/revisions"}],"wp:attachment":[{"href":"https:\/\/kenancrnkicacademy.com\/web-shop\/wp-json\/wp\/v2\/media?parent=15652"}],"curies":[{"name":"wp","href":"https:\/\/api.w.org\/{rel}","templated":true}]}}