{"id":15618,"date":"2023-11-22T08:43:40","date_gmt":"2023-11-22T08:43:40","guid":{"rendered":"https:\/\/kenancrnkicacademy.com\/web-shop\/?post_type=product&#038;p=15618"},"modified":"2025-11-06T09:40:28","modified_gmt":"2025-11-06T08:40:28","slug":"tvoja-najbolja-godina","status":"publish","type":"product","link":"https:\/\/kenancrnkicacademy.com\/web-shop\/web-shop\/online-seminar\/tvoja-najbolja-godina\/","title":{"rendered":"Online seminar Tvoja Najbolja Godina 99\u20ac"},"content":{"rendered":"","protected":false},"excerpt":{"rendered":"<p>Uplatom dobijate ODMAH pristup cjelokupnom online seminaru Tvoja Najbolja Godina! Pristup ostvarujete krajnje jednostavno putem Va\u0161eg personaliziranog linka (kojeg Vam \u0161aljemo zajedno sa oficijelnim ra\u010dunom u emailu potvrde). Imate mogu\u0107nost neograni\u010denog pristupa cjelokupnom materijalu.<\/p>\n","protected":false},"featured_media":15688,"template":"","meta":[],"product_brand":[],"product_cat":[31],"product_tag":[],"class_list":{"0":"post-15618","1":"product","2":"type-product","3":"status-publish","4":"has-post-thumbnail","6":"product_cat-online-seminar","7":"product_shipping_class-on-line","9":"first","10":"instock","11":"virtual","12":"purchasable","13":"product-type-simple"},"_links":{"self":[{"href":"https:\/\/kenancrnkicacademy.com\/web-shop\/wp-json\/wp\/v2\/product\/15618","targetHints":{"allow":["GET"]}}],"collection":[{"href":"https:\/\/kenancrnkicacademy.com\/web-shop\/wp-json\/wp\/v2\/product"}],"about":[{"href":"https:\/\/kenancrnkicacademy.com\/web-shop\/wp-json\/wp\/v2\/types\/product"}],"version-history":[{"count":1,"href":"https:\/\/kenancrnkicacademy.com\/web-shop\/wp-json\/wp\/v2\/product\/15618\/revisions"}],"predecessor-version":[{"id":16949,"href":"https:\/\/kenancrnkicacademy.com\/web-shop\/wp-json\/wp\/v2\/product\/15618\/revisions\/16949"}],"wp:featuredmedia":[{"embeddable":true,"href":"https:\/\/kenancrnkicacademy.com\/web-shop\/wp-json\/wp\/v2\/media\/15688"}],"wp:attachment":[{"href":"https:\/\/kenancrnkicacademy.com\/web-shop\/wp-json\/wp\/v2\/media?parent=15618"}],"wp:term":[{"taxonomy":"product_brand","embeddable":true,"href":"https:\/\/kenancrnkicacademy.com\/web-shop\/wp-json\/wp\/v2\/product_brand?post=15618"},{"taxonomy":"product_cat","embeddable":true,"href":"https:\/\/kenancrnkicacademy.com\/web-shop\/wp-json\/wp\/v2\/product_cat?post=15618"},{"taxonomy":"product_tag","embeddable":true,"href":"https:\/\/kenancrnkicacademy.com\/web-shop\/wp-json\/wp\/v2\/product_tag?post=15618"}],"curies":[{"name":"wp","href":"https:\/\/api.w.org\/{rel}","templated":true}]}}