{"id":16071,"date":"2025-02-27T13:26:18","date_gmt":"2025-02-27T13:26:18","guid":{"rendered":"https:\/\/kenancrnkicacademy.com\/web-shop\/?post_type=product&#038;p=16071"},"modified":"2025-03-24T11:28:58","modified_gmt":"2025-03-24T10:28:58","slug":"proba-1","status":"publish","type":"product","link":"https:\/\/kenancrnkicacademy.com\/web-shop\/web-shop\/knjige-bih\/proba-1\/","title":{"rendered":"7 tajni uspjeha"},"content":{"rendered":"<h1>7 tajni uspjeha<\/h1>\n<p>Ova knjiga, kao jednostavan i prakti\u010dan vodi\u010d do uspjeha, nezapam\u0107enom brzinom stekla je status bestselera, izazvala svojevrsnu senzaciju, oborila sve rekorde prodaje i u roku od samo 10 dana od izdavanja izbila na prvo mjesto top liste naj\u010ditanijih knjiga! U prvoj godini do\u017eivjela je svoje nevjerojatno 10. jubilarno izdanje, kao i prijevod na vi\u0161e stranih jezika. Pored ogromnog uspjeha u samoj regiji, Dr Kenan Crnki\u0107 kao jedini autor sa ovih prostora, sa engleskim izdanjem upravo ove knjige 2017. godine se pozicionirao na prvo mjesto u oblasti li\u010dnog uspjeha na najve\u0107oj svjetskoj platformi za prodaju knjiga Amazon, te\u00a0postao dobitnik presti\u017ene ameri\u010dke knji\u017eevne nagrade u kategoriji motivacione literature.<\/p>\n<p>\u201e7 tajni uspjeha\u201c je napisana na na\u010din da Vas motivi\u0161e da budete uspje\u0161ni, ali da Vam istovremeno na jednostavan i prakti\u010dan na\u010din, po sistemu korak po korak, otkrije\u00a0 tajne uspjeha uz pomo\u0107 kojih \u0107ete kona\u010dno ostvariti sve svoje poslovne i privatne ciljeve. Na po\u010detku svakog poglavlja nalazi se kratka pri\u010da koja ima za cilj da Vas zainteresuje i na neobi\u010dan na\u010din uvede u tajnu na koju se odnosi. Nakon toga govori se o va\u017enosti navedene tajne, a potom se pristupa obja\u0161njavanju kako da istu odmah po\u010dnete jednostavno koristiti u Va\u0161em svakodnevnom \u017eivotu. Na po\u010detku knjige \u010deka Vas iznena\u0111enje, ali i zagonetka koja se na veoma efektan na\u010din otkriva u dijelu koji se zove\u00a0Umjesto zaklju\u010dka.\u00a0Upravo iz navedenog razloga mogu\u0107e je do\u017eivjeti knjigu i njene mo\u0107ne poruke samo ako je u originalnom izdanju pro\u010ditate, nadati je se u Va\u0161em interesu, vi\u0161e puta.<\/p>\n<p>Krenite putem svoga uspjeha!<\/p>\n<p><strong>Cijena proizvoda je sa uklju\u010denom dostavom na Va\u0161u adresu!<\/strong><\/p>\n","protected":false},"excerpt":{"rendered":"<p>7 tajni uspjeha Ova knjiga, kao jednostavan i prakti\u010dan vodi\u010d do uspjeha, nezapam\u0107enom brzinom stekla je status bestselera, izazvala svojevrsnu<\/p>\n","protected":false},"featured_media":16097,"template":"","meta":[],"product_brand":[],"product_cat":[82],"product_tag":[89,88,86,91],"class_list":{"0":"post-16071","1":"product","2":"type-product","3":"status-publish","4":"has-post-thumbnail","6":"product_cat-knjige-bih","7":"product_tag-7-tajni-uspjeha","8":"product_tag-kenan-crnkic","9":"product_tag-knjige","10":"product_tag-on-line","12":"first","13":"instock","14":"shipping-taxable","15":"purchasable","16":"product-type-simple"},"_links":{"self":[{"href":"https:\/\/kenancrnkicacademy.com\/web-shop\/wp-json\/wp\/v2\/product\/16071","targetHints":{"allow":["GET"]}}],"collection":[{"href":"https:\/\/kenancrnkicacademy.com\/web-shop\/wp-json\/wp\/v2\/product"}],"about":[{"href":"https:\/\/kenancrnkicacademy.com\/web-shop\/wp-json\/wp\/v2\/types\/product"}],"version-history":[{"count":0,"href":"https:\/\/kenancrnkicacademy.com\/web-shop\/wp-json\/wp\/v2\/product\/16071\/revisions"}],"wp:featuredmedia":[{"embeddable":true,"href":"https:\/\/kenancrnkicacademy.com\/web-shop\/wp-json\/wp\/v2\/media\/16097"}],"wp:attachment":[{"href":"https:\/\/kenancrnkicacademy.com\/web-shop\/wp-json\/wp\/v2\/media?parent=16071"}],"wp:term":[{"taxonomy":"product_brand","embeddable":true,"href":"https:\/\/kenancrnkicacademy.com\/web-shop\/wp-json\/wp\/v2\/product_brand?post=16071"},{"taxonomy":"product_cat","embeddable":true,"href":"https:\/\/kenancrnkicacademy.com\/web-shop\/wp-json\/wp\/v2\/product_cat?post=16071"},{"taxonomy":"product_tag","embeddable":true,"href":"https:\/\/kenancrnkicacademy.com\/web-shop\/wp-json\/wp\/v2\/product_tag?post=16071"}],"curies":[{"name":"wp","href":"https:\/\/api.w.org\/{rel}","templated":true}]}}