{"id":16102,"date":"2025-03-05T08:59:37","date_gmt":"2025-03-05T08:59:37","guid":{"rendered":"https:\/\/kenancrnkicacademy.com\/web-shop\/?post_type=product&#038;p=16102"},"modified":"2025-03-24T11:27:59","modified_gmt":"2025-03-24T10:27:59","slug":"pazi-kojeg-vuka-hranis","status":"publish","type":"product","link":"https:\/\/kenancrnkicacademy.com\/web-shop\/web-shop\/knjige-bih\/pazi-kojeg-vuka-hranis\/","title":{"rendered":"Pazi kojeg vuka hrani\u0161"},"content":{"rendered":"<h1>Pazi kojeg vuka hrani\u0161<\/h1>\n<p>Knjiga \u201dPazi kojeg Vuka hrani\u0161\u201d apsolutni je balkanski bestseler, najpoznatija je i daleko najprodavanija knjiga ovog iznimno popularnog autora, napisana sada ve\u0107 prepoznatljivim stilom koji odi\u0161e lako\u0107om \u010ditanja.<br \/>\nKnjiga je napisana jednostavnim jezikom, prepuna je pozitivnih i korisnih savjeta\u00a0koji proizvode specifi\u010dan oblik instant motivacije, koji \u0107e Vas navesti da je pro\u010ditate u jednom dahu, ali i da joj se uvijek sa zadovoljstvom vra\u0107ate, pronalaze\u0107i uvijek i iznova na njenim stranicama iz razli\u010ditih uglova, odgovore na najva\u017enije od svih pitanja.<br \/>\nBriljantne i neobi\u010dne pri\u010de koje se lako pamte i prepri\u010davaju, sjajan po\u010detak koji \u0107e Vas zainteresovati, i efektan kraj koji \u0107e Vas natjerati na razmi\u0161ljanje dugo nakon \u0161to zavr\u0161ite sa \u010ditanjem samo su neki od razloga za\u0161to ovu knjigu jednostavno nije mogu\u0107e ispustiti iz ruku, te za\u0161to \u0107ete po\u017eeljeti da je poklonite i drugima iskreno i od srca.<br \/>\nSre\u0107a je rijetka stvar koja se umno\u017eava kada se dijeli.<br \/>\nOvo je knjiga o sre\u0107i.<br \/>\nKako je prona\u0107i, posti\u0107i i trajno zadr\u017eati u na\u0161im \u017eivotima.<br \/>\nOvo je knjiga \u010dije Vas samo \u010ditanje mo\u017ee u\u010diniti sretnim.<\/p>\n<p>Poku\u0161ajte!<\/p>\n<p><strong>Cijena proizvoda je sa uklju\u010denom dostavom na Va\u0161u adresu!<\/strong><\/p>\n","protected":false},"excerpt":{"rendered":"<p>Pazi kojeg vuka hrani\u0161 Knjiga \u201dPazi kojeg Vuka hrani\u0161\u201d apsolutni je balkanski bestseler, najpoznatija je i daleko najprodavanija knjiga ovog<\/p>\n","protected":false},"featured_media":16103,"template":"","meta":[],"product_brand":[],"product_cat":[82],"product_tag":[94,88,86,92],"class_list":{"0":"post-16102","1":"product","2":"type-product","3":"status-publish","4":"has-post-thumbnail","6":"product_cat-knjige-bih","7":"product_tag-akademija","8":"product_tag-kenan-crnkic","9":"product_tag-knjige","10":"product_tag-pazi-kojeg-vuka-hranis","12":"first","13":"instock","14":"shipping-taxable","15":"purchasable","16":"product-type-simple"},"_links":{"self":[{"href":"https:\/\/kenancrnkicacademy.com\/web-shop\/wp-json\/wp\/v2\/product\/16102","targetHints":{"allow":["GET"]}}],"collection":[{"href":"https:\/\/kenancrnkicacademy.com\/web-shop\/wp-json\/wp\/v2\/product"}],"about":[{"href":"https:\/\/kenancrnkicacademy.com\/web-shop\/wp-json\/wp\/v2\/types\/product"}],"version-history":[{"count":0,"href":"https:\/\/kenancrnkicacademy.com\/web-shop\/wp-json\/wp\/v2\/product\/16102\/revisions"}],"wp:featuredmedia":[{"embeddable":true,"href":"https:\/\/kenancrnkicacademy.com\/web-shop\/wp-json\/wp\/v2\/media\/16103"}],"wp:attachment":[{"href":"https:\/\/kenancrnkicacademy.com\/web-shop\/wp-json\/wp\/v2\/media?parent=16102"}],"wp:term":[{"taxonomy":"product_brand","embeddable":true,"href":"https:\/\/kenancrnkicacademy.com\/web-shop\/wp-json\/wp\/v2\/product_brand?post=16102"},{"taxonomy":"product_cat","embeddable":true,"href":"https:\/\/kenancrnkicacademy.com\/web-shop\/wp-json\/wp\/v2\/product_cat?post=16102"},{"taxonomy":"product_tag","embeddable":true,"href":"https:\/\/kenancrnkicacademy.com\/web-shop\/wp-json\/wp\/v2\/product_tag?post=16102"}],"curies":[{"name":"wp","href":"https:\/\/api.w.org\/{rel}","templated":true}]}}